{"id":262,"date":"2021-09-02T15:52:56","date_gmt":"2021-09-02T13:52:56","guid":{"rendered":"https:\/\/agriprocess.com\/?page_id=262"},"modified":"2021-09-07T16:16:45","modified_gmt":"2021-09-07T14:16:45","slug":"les-occasions","status":"publish","type":"page","link":"https:\/\/agriprocess.com\/index.php\/les-occasions\/","title":{"rendered":"Les occasions"},"content":{"rendered":"\t\t<div data-elementor-type=\"wp-page\" data-elementor-id=\"262\" class=\"elementor elementor-262\">\n\t\t\t\t\t\t\t\t\t<section class=\"elementor-section elementor-top-section elementor-element elementor-element-fcc71dc elementor-section-boxed elementor-section-height-default elementor-section-height-default\" data-id=\"fcc71dc\" data-element_type=\"section\">\n\t\t\t\t\t\t<div class=\"elementor-container elementor-column-gap-default\">\n\t\t\t\t\t<div class=\"elementor-column elementor-col-100 elementor-top-column elementor-element elementor-element-1a2ff74\" data-id=\"1a2ff74\" data-element_type=\"column\">\n\t\t\t<div class=\"elementor-widget-wrap elementor-element-populated\">\n\t\t\t\t\t\t\t\t<div class=\"elementor-element elementor-element-88b156d elementor-widget elementor-widget-heading\" data-id=\"88b156d\" data-element_type=\"widget\" data-widget_type=\"heading.default\">\n\t\t\t\t<div class=\"elementor-widget-container\">\n\t\t\t<style>\/*! elementor - v3.11.5 - 14-03-2023 *\/\n.elementor-heading-title{padding:0;margin:0;line-height:1}.elementor-widget-heading .elementor-heading-title[class*=elementor-size-]>a{color:inherit;font-size:inherit;line-height:inherit}.elementor-widget-heading .elementor-heading-title.elementor-size-small{font-size:15px}.elementor-widget-heading .elementor-heading-title.elementor-size-medium{font-size:19px}.elementor-widget-heading .elementor-heading-title.elementor-size-large{font-size:29px}.elementor-widget-heading .elementor-heading-title.elementor-size-xl{font-size:39px}.elementor-widget-heading .elementor-heading-title.elementor-size-xxl{font-size:59px}<\/style><h2 class=\"elementor-heading-title elementor-size-default\">Les occasions<\/h2>\t\t<\/div>\n\t\t\t\t<\/div>\n\t\t\t\t\t<\/div>\n\t\t<\/div>\n\t\t\t\t\t\t\t<\/div>\n\t\t<\/section>\n\t\t\t\t<section class=\"elementor-section elementor-top-section elementor-element elementor-element-379aa7f elementor-section-boxed elementor-section-height-default elementor-section-height-default\" data-id=\"379aa7f\" data-element_type=\"section\">\n\t\t\t\t\t\t<div class=\"elementor-container elementor-column-gap-default\">\n\t\t\t\t\t<div class=\"elementor-column elementor-col-100 elementor-top-column elementor-element elementor-element-bed15db\" data-id=\"bed15db\" data-element_type=\"column\">\n\t\t\t<div class=\"elementor-widget-wrap elementor-element-populated\">\n\t\t\t\t\t\t\t\t<div class=\"elementor-element elementor-element-1013766 elementor-widget elementor-widget-text-editor\" data-id=\"1013766\" data-element_type=\"widget\" data-widget_type=\"text-editor.default\">\n\t\t\t\t<div class=\"elementor-widget-container\">\n\t\t\t<style>\/*! elementor - v3.11.5 - 14-03-2023 *\/\n.elementor-widget-text-editor.elementor-drop-cap-view-stacked .elementor-drop-cap{background-color:#818a91;color:#fff}.elementor-widget-text-editor.elementor-drop-cap-view-framed .elementor-drop-cap{color:#818a91;border:3px solid;background-color:transparent}.elementor-widget-text-editor:not(.elementor-drop-cap-view-default) .elementor-drop-cap{margin-top:8px}.elementor-widget-text-editor:not(.elementor-drop-cap-view-default) .elementor-drop-cap-letter{width:1em;height:1em}.elementor-widget-text-editor .elementor-drop-cap{float:left;text-align:center;line-height:1;font-size:50px}.elementor-widget-text-editor .elementor-drop-cap-letter{display:inline-block}<\/style>\t\t\t\t<p>Agriprocess vous propose \u00e9galement du mat\u00e9riel d&#8217;occasions ou de vendre votre mat\u00e9riel d&#8217;occasion par commissionnement.<\/p>\t\t\t\t\t\t<\/div>\n\t\t\t\t<\/div>\n\t\t\t\t\t<\/div>\n\t\t<\/div>\n\t\t\t\t\t\t\t<\/div>\n\t\t<\/section>\n\t\t\t\t<section class=\"elementor-section elementor-top-section elementor-element elementor-element-dfcf911 elementor-section-boxed elementor-section-height-default elementor-section-height-default\" data-id=\"dfcf911\" data-element_type=\"section\">\n\t\t\t\t\t\t<div class=\"elementor-container elementor-column-gap-default\">\n\t\t\t\t\t<div class=\"elementor-column elementor-col-100 elementor-top-column elementor-element elementor-element-37641e6\" data-id=\"37641e6\" data-element_type=\"column\">\n\t\t\t<div class=\"elementor-widget-wrap elementor-element-populated\">\n\t\t\t\t\t\t\t\t<div class=\"elementor-element elementor-element-d211ba7 elementor-widget elementor-widget-text-editor\" data-id=\"d211ba7\" data-element_type=\"widget\" data-widget_type=\"text-editor.default\">\n\t\t\t\t<div class=\"elementor-widget-container\">\n\t\t\t\t\t\t\t<p><strong>Pour tout renseignement suppl\u00e9mentaire, cela se passe par email&#8230;\u00a0<\/strong><\/p>\t\t\t\t\t\t<\/div>\n\t\t\t\t<\/div>\n\t\t\t\t\t<\/div>\n\t\t<\/div>\n\t\t\t\t\t\t\t<\/div>\n\t\t<\/section>\n\t\t\t\t<section class=\"elementor-section elementor-top-section elementor-element elementor-element-21c9ef8 elementor-section-boxed elementor-section-height-default elementor-section-height-default\" data-id=\"21c9ef8\" data-element_type=\"section\">\n\t\t\t\t\t\t<div class=\"elementor-container elementor-column-gap-default\">\n\t\t\t\t\t<div class=\"elementor-column elementor-col-100 elementor-top-column elementor-element elementor-element-2a3b6fb\" data-id=\"2a3b6fb\" data-element_type=\"column\">\n\t\t\t<div class=\"elementor-widget-wrap elementor-element-populated\">\n\t\t\t\t\t\t\t\t<div class=\"elementor-element elementor-element-671320d elementor-align-center elementor-widget elementor-widget-button\" data-id=\"671320d\" data-element_type=\"widget\" data-widget_type=\"button.default\">\n\t\t\t\t<div class=\"elementor-widget-container\">\n\t\t\t\t\t<div class=\"elementor-button-wrapper\">\n\t\t\t<a href=\"http:\/\/info-contact@agriprocess.com\" target=\"_blank\" class=\"elementor-button-link elementor-button elementor-size-xl\" role=\"button\">\n\t\t\t\t\t\t<span class=\"elementor-button-content-wrapper\">\n\t\t\t\t\t\t<span class=\"elementor-button-text\">info-contact@agriprocess.com<\/span>\n\t\t<\/span>\n\t\t\t\t\t<\/a>\n\t\t<\/div>\n\t\t\t\t<\/div>\n\t\t\t\t<\/div>\n\t\t\t\t\t<\/div>\n\t\t<\/div>\n\t\t\t\t\t\t\t<\/div>\n\t\t<\/section>\n\t\t\t\t<section class=\"elementor-section elementor-top-section elementor-element elementor-element-95b046a elementor-section-boxed elementor-section-height-default elementor-section-height-default\" data-id=\"95b046a\" data-element_type=\"section\">\n\t\t\t\t\t\t<div class=\"elementor-container elementor-column-gap-default\">\n\t\t\t\t\t<div class=\"elementor-column elementor-col-100 elementor-top-column elementor-element elementor-element-604e611\" data-id=\"604e611\" data-element_type=\"column\">\n\t\t\t<div class=\"elementor-widget-wrap elementor-element-populated\">\n\t\t\t\t\t\t\t\t<div class=\"elementor-element elementor-element-6a88b73 elementor-invisible elementor-widget elementor-widget-image\" data-id=\"6a88b73\" data-element_type=\"widget\" data-settings=\"{&quot;_animation&quot;:&quot;rotateIn&quot;,&quot;_animation_delay&quot;:400}\" data-widget_type=\"image.default\">\n\t\t\t\t<div class=\"elementor-widget-container\">\n\t\t\t<style>\/*! elementor - v3.11.5 - 14-03-2023 *\/\n.elementor-widget-image{text-align:center}.elementor-widget-image a{display:inline-block}.elementor-widget-image a img[src$=\".svg\"]{width:48px}.elementor-widget-image img{vertical-align:middle;display:inline-block}<\/style>\t\t\t\t\t\t\t\t\t\t\t\t<img width=\"244\" height=\"300\" src=\"https:\/\/i1.wp.com\/agriprocess.com\/wp-content\/uploads\/2021\/09\/occasion-r.png?fit=244%2C300&amp;ssl=1\" class=\"attachment-medium size-medium wp-image-560\" alt=\"\" loading=\"lazy\" srcset=\"https:\/\/i1.wp.com\/agriprocess.com\/wp-content\/uploads\/2021\/09\/occasion-r.png?w=700&amp;ssl=1 700w, https:\/\/i1.wp.com\/agriprocess.com\/wp-content\/uploads\/2021\/09\/occasion-r.png?resize=244%2C300&amp;ssl=1 244w\" sizes=\"(max-width: 244px) 100vw, 244px\" \/>\t\t\t\t\t\t\t\t\t\t\t\t\t\t\t<\/div>\n\t\t\t\t<\/div>\n\t\t\t\t\t<\/div>\n\t\t<\/div>\n\t\t\t\t\t\t\t<\/div>\n\t\t<\/section>\n\t\t\t\t<section class=\"elementor-section elementor-top-section elementor-element elementor-element-9df55c4 elementor-section-boxed elementor-section-height-default elementor-section-height-default\" data-id=\"9df55c4\" data-element_type=\"section\">\n\t\t\t\t\t\t<div class=\"elementor-container elementor-column-gap-default\">\n\t\t\t\t\t<div class=\"elementor-column elementor-col-100 elementor-top-column elementor-element elementor-element-2b5ba17\" data-id=\"2b5ba17\" data-element_type=\"column\">\n\t\t\t<div class=\"elementor-widget-wrap elementor-element-populated\">\n\t\t\t\t\t\t\t\t<div class=\"elementor-element elementor-element-a1bc982 elementor-widget elementor-widget-image-gallery\" data-id=\"a1bc982\" data-element_type=\"widget\" data-widget_type=\"image-gallery.default\">\n\t\t\t\t<div class=\"elementor-widget-container\">\n\t\t\t<style>\/*! elementor - v3.11.5 - 14-03-2023 *\/\n.elementor-image-gallery .gallery-item{display:inline-block;text-align:center;vertical-align:top;width:100%;max-width:100%;margin:0 auto}.elementor-image-gallery .gallery-item img{margin:0 auto}.elementor-image-gallery .gallery-item .gallery-caption{margin:0}.elementor-image-gallery figure img{display:block}.elementor-image-gallery figure figcaption{width:100%}.gallery-spacing-custom .elementor-image-gallery .gallery-icon{padding:0}@media (min-width:768px){.elementor-image-gallery .gallery-columns-2 .gallery-item{max-width:50%}.elementor-image-gallery .gallery-columns-3 .gallery-item{max-width:33.33%}.elementor-image-gallery .gallery-columns-4 .gallery-item{max-width:25%}.elementor-image-gallery .gallery-columns-5 .gallery-item{max-width:20%}.elementor-image-gallery .gallery-columns-6 .gallery-item{max-width:16.666%}.elementor-image-gallery .gallery-columns-7 .gallery-item{max-width:14.28%}.elementor-image-gallery .gallery-columns-8 .gallery-item{max-width:12.5%}.elementor-image-gallery .gallery-columns-9 .gallery-item{max-width:11.11%}.elementor-image-gallery .gallery-columns-10 .gallery-item{max-width:10%}}@media (min-width:480px) and (max-width:767px){.elementor-image-gallery .gallery.gallery-columns-2 .gallery-item,.elementor-image-gallery .gallery.gallery-columns-3 .gallery-item,.elementor-image-gallery .gallery.gallery-columns-4 .gallery-item,.elementor-image-gallery .gallery.gallery-columns-5 .gallery-item,.elementor-image-gallery .gallery.gallery-columns-6 .gallery-item,.elementor-image-gallery .gallery.gallery-columns-7 .gallery-item,.elementor-image-gallery .gallery.gallery-columns-8 .gallery-item,.elementor-image-gallery .gallery.gallery-columns-9 .gallery-item,.elementor-image-gallery .gallery.gallery-columns-10 .gallery-item{max-width:50%}}@media (max-width:479px){.elementor-image-gallery .gallery.gallery-columns-2 .gallery-item,.elementor-image-gallery .gallery.gallery-columns-3 .gallery-item,.elementor-image-gallery .gallery.gallery-columns-4 .gallery-item,.elementor-image-gallery .gallery.gallery-columns-5 .gallery-item,.elementor-image-gallery .gallery.gallery-columns-6 .gallery-item,.elementor-image-gallery .gallery.gallery-columns-7 .gallery-item,.elementor-image-gallery .gallery.gallery-columns-8 .gallery-item,.elementor-image-gallery .gallery.gallery-columns-9 .gallery-item,.elementor-image-gallery .gallery.gallery-columns-10 .gallery-item{max-width:100%}}<\/style>\t\t<div class=\"elementor-image-gallery\">\n\t\t\t<div id='gallery-1' class='gallery galleryid-262 gallery-columns-3 gallery-size-large'><figure class='gallery-item'>\n\t\t\t<div class='gallery-icon landscape'>\n\t\t\t\t<a data-elementor-open-lightbox=\"yes\" data-elementor-lightbox-slideshow=\"a1bc982\" data-elementor-lightbox-title=\"vendu\" data-e-action-hash=\"#elementor-action%3Aaction%3Dlightbox%26settings%3DeyJpZCI6NjE1LCJ1cmwiOiJodHRwczpcL1wvYWdyaXByb2Nlc3MuY29tXC93cC1jb250ZW50XC91cGxvYWRzXC8yMDIxXC8wOVwvSU1HXzIwMjEwOTA3XzE2MDIwNTUtc2NhbGVkLmpwZyIsInNsaWRlc2hvdyI6ImExYmM5ODIifQ%3D%3D\" href='https:\/\/i1.wp.com\/agriprocess.com\/wp-content\/uploads\/2021\/09\/IMG_20210907_1602055-scaled.jpg?ssl=1'><img width=\"1024\" height=\"574\" src=\"https:\/\/i1.wp.com\/agriprocess.com\/wp-content\/uploads\/2021\/09\/IMG_20210907_1602055-scaled.jpg?fit=1024%2C574&amp;ssl=1\" class=\"attachment-large size-large\" alt=\"\" loading=\"lazy\" srcset=\"https:\/\/i1.wp.com\/agriprocess.com\/wp-content\/uploads\/2021\/09\/IMG_20210907_1602055-scaled.jpg?w=2560&amp;ssl=1 2560w, https:\/\/i1.wp.com\/agriprocess.com\/wp-content\/uploads\/2021\/09\/IMG_20210907_1602055-scaled.jpg?resize=300%2C168&amp;ssl=1 300w, https:\/\/i1.wp.com\/agriprocess.com\/wp-content\/uploads\/2021\/09\/IMG_20210907_1602055-scaled.jpg?resize=1024%2C574&amp;ssl=1 1024w, https:\/\/i1.wp.com\/agriprocess.com\/wp-content\/uploads\/2021\/09\/IMG_20210907_1602055-scaled.jpg?resize=768%2C431&amp;ssl=1 768w, https:\/\/i1.wp.com\/agriprocess.com\/wp-content\/uploads\/2021\/09\/IMG_20210907_1602055-scaled.jpg?resize=1536%2C861&amp;ssl=1 1536w, https:\/\/i1.wp.com\/agriprocess.com\/wp-content\/uploads\/2021\/09\/IMG_20210907_1602055-scaled.jpg?resize=2048%2C1148&amp;ssl=1 2048w, https:\/\/i1.wp.com\/agriprocess.com\/wp-content\/uploads\/2021\/09\/IMG_20210907_1602055-scaled.jpg?w=2340&amp;ssl=1 2340w\" sizes=\"(max-width: 1024px) 100vw, 1024px\" \/><\/a>\n\t\t\t<\/div><\/figure><figure class='gallery-item'>\n\t\t\t<div class='gallery-icon landscape'>\n\t\t\t\t<a data-elementor-open-lightbox=\"yes\" data-elementor-lightbox-slideshow=\"a1bc982\" data-elementor-lightbox-title=\"IMG_20210907_114550\" data-e-action-hash=\"#elementor-action%3Aaction%3Dlightbox%26settings%3DeyJpZCI6NTU5LCJ1cmwiOiJodHRwczpcL1wvYWdyaXByb2Nlc3MuY29tXC93cC1jb250ZW50XC91cGxvYWRzXC8yMDIxXC8wOVwvSU1HXzIwMjEwOTA3XzExNDU1MC1zY2FsZWQuanBnIiwic2xpZGVzaG93IjoiYTFiYzk4MiJ9\" href='https:\/\/i2.wp.com\/agriprocess.com\/wp-content\/uploads\/2021\/09\/IMG_20210907_114550-scaled.jpg?ssl=1'><img width=\"1024\" height=\"555\" src=\"https:\/\/i2.wp.com\/agriprocess.com\/wp-content\/uploads\/2021\/09\/IMG_20210907_114550-scaled.jpg?fit=1024%2C555&amp;ssl=1\" class=\"attachment-large size-large\" alt=\"\" loading=\"lazy\" srcset=\"https:\/\/i2.wp.com\/agriprocess.com\/wp-content\/uploads\/2021\/09\/IMG_20210907_114550-scaled.jpg?w=2560&amp;ssl=1 2560w, https:\/\/i2.wp.com\/agriprocess.com\/wp-content\/uploads\/2021\/09\/IMG_20210907_114550-scaled.jpg?resize=300%2C162&amp;ssl=1 300w, https:\/\/i2.wp.com\/agriprocess.com\/wp-content\/uploads\/2021\/09\/IMG_20210907_114550-scaled.jpg?resize=1024%2C555&amp;ssl=1 1024w, https:\/\/i2.wp.com\/agriprocess.com\/wp-content\/uploads\/2021\/09\/IMG_20210907_114550-scaled.jpg?resize=768%2C416&amp;ssl=1 768w, https:\/\/i2.wp.com\/agriprocess.com\/wp-content\/uploads\/2021\/09\/IMG_20210907_114550-scaled.jpg?resize=1536%2C832&amp;ssl=1 1536w, https:\/\/i2.wp.com\/agriprocess.com\/wp-content\/uploads\/2021\/09\/IMG_20210907_114550-scaled.jpg?resize=2048%2C1109&amp;ssl=1 2048w, https:\/\/i2.wp.com\/agriprocess.com\/wp-content\/uploads\/2021\/09\/IMG_20210907_114550-scaled.jpg?w=2340&amp;ssl=1 2340w\" sizes=\"(max-width: 1024px) 100vw, 1024px\" \/><\/a>\n\t\t\t<\/div><\/figure><figure class='gallery-item'>\n\t\t\t<div class='gallery-icon landscape'>\n\t\t\t\t<a data-elementor-open-lightbox=\"yes\" data-elementor-lightbox-slideshow=\"a1bc982\" data-elementor-lightbox-title=\"IMG_20210907_114349bis\" data-e-action-hash=\"#elementor-action%3Aaction%3Dlightbox%26settings%3DeyJpZCI6NTU2LCJ1cmwiOiJodHRwczpcL1wvYWdyaXByb2Nlc3MuY29tXC93cC1jb250ZW50XC91cGxvYWRzXC8yMDIxXC8wOVwvSU1HXzIwMjEwOTA3XzExNDM0OWJpcy5qcGciLCJzbGlkZXNob3ciOiJhMWJjOTgyIn0%3D\" href='https:\/\/i1.wp.com\/agriprocess.com\/wp-content\/uploads\/2021\/09\/IMG_20210907_114349bis.jpg?ssl=1'><img width=\"1024\" height=\"622\" src=\"https:\/\/i1.wp.com\/agriprocess.com\/wp-content\/uploads\/2021\/09\/IMG_20210907_114349bis.jpg?fit=1024%2C622&amp;ssl=1\" class=\"attachment-large size-large\" alt=\"\" loading=\"lazy\" srcset=\"https:\/\/i1.wp.com\/agriprocess.com\/wp-content\/uploads\/2021\/09\/IMG_20210907_114349bis.jpg?w=2516&amp;ssl=1 2516w, https:\/\/i1.wp.com\/agriprocess.com\/wp-content\/uploads\/2021\/09\/IMG_20210907_114349bis.jpg?resize=300%2C182&amp;ssl=1 300w, https:\/\/i1.wp.com\/agriprocess.com\/wp-content\/uploads\/2021\/09\/IMG_20210907_114349bis.jpg?resize=1024%2C622&amp;ssl=1 1024w, https:\/\/i1.wp.com\/agriprocess.com\/wp-content\/uploads\/2021\/09\/IMG_20210907_114349bis.jpg?resize=768%2C467&amp;ssl=1 768w, https:\/\/i1.wp.com\/agriprocess.com\/wp-content\/uploads\/2021\/09\/IMG_20210907_114349bis.jpg?resize=1536%2C933&amp;ssl=1 1536w, https:\/\/i1.wp.com\/agriprocess.com\/wp-content\/uploads\/2021\/09\/IMG_20210907_114349bis.jpg?resize=2048%2C1245&amp;ssl=1 2048w, https:\/\/i1.wp.com\/agriprocess.com\/wp-content\/uploads\/2021\/09\/IMG_20210907_114349bis.jpg?w=2340&amp;ssl=1 2340w\" sizes=\"(max-width: 1024px) 100vw, 1024px\" \/><\/a>\n\t\t\t<\/div><\/figure><figure class='gallery-item'>\n\t\t\t<div class='gallery-icon landscape'>\n\t\t\t\t<a data-elementor-open-lightbox=\"yes\" data-elementor-lightbox-slideshow=\"a1bc982\" data-elementor-lightbox-title=\"IMG_20210907_114510bis\" data-e-action-hash=\"#elementor-action%3Aaction%3Dlightbox%26settings%3DeyJpZCI6NTU3LCJ1cmwiOiJodHRwczpcL1wvYWdyaXByb2Nlc3MuY29tXC93cC1jb250ZW50XC91cGxvYWRzXC8yMDIxXC8wOVwvSU1HXzIwMjEwOTA3XzExNDUxMGJpcy1zY2FsZWQuanBnIiwic2xpZGVzaG93IjoiYTFiYzk4MiJ9\" href='https:\/\/i1.wp.com\/agriprocess.com\/wp-content\/uploads\/2021\/09\/IMG_20210907_114510bis-scaled.jpg?ssl=1'><img width=\"1024\" height=\"691\" src=\"https:\/\/i1.wp.com\/agriprocess.com\/wp-content\/uploads\/2021\/09\/IMG_20210907_114510bis-scaled.jpg?fit=1024%2C691&amp;ssl=1\" class=\"attachment-large size-large\" alt=\"\" loading=\"lazy\" srcset=\"https:\/\/i1.wp.com\/agriprocess.com\/wp-content\/uploads\/2021\/09\/IMG_20210907_114510bis-scaled.jpg?w=2560&amp;ssl=1 2560w, https:\/\/i1.wp.com\/agriprocess.com\/wp-content\/uploads\/2021\/09\/IMG_20210907_114510bis-scaled.jpg?resize=300%2C202&amp;ssl=1 300w, https:\/\/i1.wp.com\/agriprocess.com\/wp-content\/uploads\/2021\/09\/IMG_20210907_114510bis-scaled.jpg?resize=1024%2C691&amp;ssl=1 1024w, https:\/\/i1.wp.com\/agriprocess.com\/wp-content\/uploads\/2021\/09\/IMG_20210907_114510bis-scaled.jpg?resize=768%2C518&amp;ssl=1 768w, https:\/\/i1.wp.com\/agriprocess.com\/wp-content\/uploads\/2021\/09\/IMG_20210907_114510bis-scaled.jpg?resize=1536%2C1037&amp;ssl=1 1536w, https:\/\/i1.wp.com\/agriprocess.com\/wp-content\/uploads\/2021\/09\/IMG_20210907_114510bis-scaled.jpg?resize=2048%2C1382&amp;ssl=1 2048w, https:\/\/i1.wp.com\/agriprocess.com\/wp-content\/uploads\/2021\/09\/IMG_20210907_114510bis-scaled.jpg?w=2340&amp;ssl=1 2340w\" sizes=\"(max-width: 1024px) 100vw, 1024px\" \/><\/a>\n\t\t\t<\/div><\/figure><figure class='gallery-item'>\n\t\t\t<div class='gallery-icon landscape'>\n\t\t\t\t<a data-elementor-open-lightbox=\"yes\" data-elementor-lightbox-slideshow=\"a1bc982\" data-elementor-lightbox-title=\"bache\" data-e-action-hash=\"#elementor-action%3Aaction%3Dlightbox%26settings%3DeyJpZCI6NjE2LCJ1cmwiOiJodHRwczpcL1wvYWdyaXByb2Nlc3MuY29tXC93cC1jb250ZW50XC91cGxvYWRzXC8yMDIxXC8wOVwvSU1HXzIwMjEwOTA3XzE2MDE1MS5qcGciLCJzbGlkZXNob3ciOiJhMWJjOTgyIn0%3D\" href='https:\/\/i0.wp.com\/agriprocess.com\/wp-content\/uploads\/2021\/09\/IMG_20210907_160151.jpg?ssl=1'><img width=\"1024\" height=\"677\" src=\"https:\/\/i0.wp.com\/agriprocess.com\/wp-content\/uploads\/2021\/09\/IMG_20210907_160151.jpg?fit=1024%2C677&amp;ssl=1\" class=\"attachment-large size-large\" alt=\"\" loading=\"lazy\" srcset=\"https:\/\/i0.wp.com\/agriprocess.com\/wp-content\/uploads\/2021\/09\/IMG_20210907_160151.jpg?w=2408&amp;ssl=1 2408w, https:\/\/i0.wp.com\/agriprocess.com\/wp-content\/uploads\/2021\/09\/IMG_20210907_160151.jpg?resize=300%2C198&amp;ssl=1 300w, https:\/\/i0.wp.com\/agriprocess.com\/wp-content\/uploads\/2021\/09\/IMG_20210907_160151.jpg?resize=1024%2C677&amp;ssl=1 1024w, https:\/\/i0.wp.com\/agriprocess.com\/wp-content\/uploads\/2021\/09\/IMG_20210907_160151.jpg?resize=768%2C508&amp;ssl=1 768w, https:\/\/i0.wp.com\/agriprocess.com\/wp-content\/uploads\/2021\/09\/IMG_20210907_160151.jpg?resize=1536%2C1015&amp;ssl=1 1536w, https:\/\/i0.wp.com\/agriprocess.com\/wp-content\/uploads\/2021\/09\/IMG_20210907_160151.jpg?resize=2048%2C1354&amp;ssl=1 2048w, https:\/\/i0.wp.com\/agriprocess.com\/wp-content\/uploads\/2021\/09\/IMG_20210907_160151.jpg?w=2340&amp;ssl=1 2340w\" sizes=\"(max-width: 1024px) 100vw, 1024px\" \/><\/a>\n\t\t\t<\/div><\/figure><figure class='gallery-item'>\n\t\t\t<div class='gallery-icon landscape'>\n\t\t\t\t<a data-elementor-open-lightbox=\"yes\" data-elementor-lightbox-slideshow=\"a1bc982\" data-elementor-lightbox-title=\"IMG_20210907_114333\" data-e-action-hash=\"#elementor-action%3Aaction%3Dlightbox%26settings%3DeyJpZCI6NjE3LCJ1cmwiOiJodHRwczpcL1wvYWdyaXByb2Nlc3MuY29tXC93cC1jb250ZW50XC91cGxvYWRzXC8yMDIxXC8wOVwvSU1HXzIwMjEwOTA3XzExNDMzMy0xLmpwZyIsInNsaWRlc2hvdyI6ImExYmM5ODIifQ%3D%3D\" href='https:\/\/i1.wp.com\/agriprocess.com\/wp-content\/uploads\/2021\/09\/IMG_20210907_114333-1.jpg?ssl=1'><img width=\"1024\" height=\"742\" src=\"https:\/\/i1.wp.com\/agriprocess.com\/wp-content\/uploads\/2021\/09\/IMG_20210907_114333-1.jpg?fit=1024%2C742&amp;ssl=1\" class=\"attachment-large size-large\" alt=\"\" loading=\"lazy\" srcset=\"https:\/\/i1.wp.com\/agriprocess.com\/wp-content\/uploads\/2021\/09\/IMG_20210907_114333-1.jpg?w=2412&amp;ssl=1 2412w, https:\/\/i1.wp.com\/agriprocess.com\/wp-content\/uploads\/2021\/09\/IMG_20210907_114333-1.jpg?resize=300%2C217&amp;ssl=1 300w, https:\/\/i1.wp.com\/agriprocess.com\/wp-content\/uploads\/2021\/09\/IMG_20210907_114333-1.jpg?resize=1024%2C742&amp;ssl=1 1024w, https:\/\/i1.wp.com\/agriprocess.com\/wp-content\/uploads\/2021\/09\/IMG_20210907_114333-1.jpg?resize=768%2C557&amp;ssl=1 768w, https:\/\/i1.wp.com\/agriprocess.com\/wp-content\/uploads\/2021\/09\/IMG_20210907_114333-1.jpg?resize=1536%2C1113&amp;ssl=1 1536w, https:\/\/i1.wp.com\/agriprocess.com\/wp-content\/uploads\/2021\/09\/IMG_20210907_114333-1.jpg?resize=2048%2C1484&amp;ssl=1 2048w, https:\/\/i1.wp.com\/agriprocess.com\/wp-content\/uploads\/2021\/09\/IMG_20210907_114333-1.jpg?w=2340&amp;ssl=1 2340w\" sizes=\"(max-width: 1024px) 100vw, 1024px\" \/><\/a>\n\t\t\t<\/div><\/figure><figure class='gallery-item'>\n\t\t\t<div class='gallery-icon landscape'>\n\t\t\t\t<a data-elementor-open-lightbox=\"yes\" data-elementor-lightbox-slideshow=\"a1bc982\" data-elementor-lightbox-title=\"IMG_20210907_115027\" data-e-action-hash=\"#elementor-action%3Aaction%3Dlightbox%26settings%3DeyJpZCI6NTQ5LCJ1cmwiOiJodHRwczpcL1wvYWdyaXByb2Nlc3MuY29tXC93cC1jb250ZW50XC91cGxvYWRzXC8yMDIxXC8wOVwvSU1HXzIwMjEwOTA3XzExNTAyNy5qcGciLCJzbGlkZXNob3ciOiJhMWJjOTgyIn0%3D\" href='https:\/\/i2.wp.com\/agriprocess.com\/wp-content\/uploads\/2021\/09\/IMG_20210907_115027.jpg?ssl=1'><img width=\"1008\" height=\"756\" src=\"https:\/\/i2.wp.com\/agriprocess.com\/wp-content\/uploads\/2021\/09\/IMG_20210907_115027.jpg?fit=1008%2C756&amp;ssl=1\" class=\"attachment-large size-large\" alt=\"\" loading=\"lazy\" srcset=\"https:\/\/i2.wp.com\/agriprocess.com\/wp-content\/uploads\/2021\/09\/IMG_20210907_115027.jpg?w=1008&amp;ssl=1 1008w, https:\/\/i2.wp.com\/agriprocess.com\/wp-content\/uploads\/2021\/09\/IMG_20210907_115027.jpg?resize=300%2C225&amp;ssl=1 300w, https:\/\/i2.wp.com\/agriprocess.com\/wp-content\/uploads\/2021\/09\/IMG_20210907_115027.jpg?resize=768%2C576&amp;ssl=1 768w\" sizes=\"(max-width: 1008px) 100vw, 1008px\" \/><\/a>\n\t\t\t<\/div><\/figure>\n\t\t<\/div>\n\t\t<\/div>\n\t\t\t\t<\/div>\n\t\t\t\t<\/div>\n\t\t\t\t\t<\/div>\n\t\t<\/div>\n\t\t\t\t\t\t\t<\/div>\n\t\t<\/section>\n\t\t\t\t\t\t\t<\/div>\n\t\t","protected":false},"excerpt":{"rendered":"<p>Les occasions Agriprocess vous propose \u00e9galement du mat\u00e9riel d&#8217;occasions ou de vendre votre mat\u00e9riel d&#8217;occasion par commissionnement. Pour tout renseignement suppl\u00e9mentaire, cela se passe par email&#8230;\u00a0 info-contact@agriprocess.com<\/p>\n","protected":false},"author":1,"featured_media":0,"parent":0,"menu_order":0,"comment_status":"closed","ping_status":"closed","template":"","meta":{"spay_email":""},"_links":{"self":[{"href":"https:\/\/agriprocess.com\/index.php\/wp-json\/wp\/v2\/pages\/262"}],"collection":[{"href":"https:\/\/agriprocess.com\/index.php\/wp-json\/wp\/v2\/pages"}],"about":[{"href":"https:\/\/agriprocess.com\/index.php\/wp-json\/wp\/v2\/types\/page"}],"author":[{"embeddable":true,"href":"https:\/\/agriprocess.com\/index.php\/wp-json\/wp\/v2\/users\/1"}],"replies":[{"embeddable":true,"href":"https:\/\/agriprocess.com\/index.php\/wp-json\/wp\/v2\/comments?post=262"}],"version-history":[{"count":41,"href":"https:\/\/agriprocess.com\/index.php\/wp-json\/wp\/v2\/pages\/262\/revisions"}],"predecessor-version":[{"id":626,"href":"https:\/\/agriprocess.com\/index.php\/wp-json\/wp\/v2\/pages\/262\/revisions\/626"}],"wp:attachment":[{"href":"https:\/\/agriprocess.com\/index.php\/wp-json\/wp\/v2\/media?parent=262"}],"curies":[{"name":"wp","href":"https:\/\/api.w.org\/{rel}","templated":true}]}}