{"id":48,"date":"2021-08-03T19:40:57","date_gmt":"2021-08-03T17:40:57","guid":{"rendered":"http:\/\/agriprocess.com\/?page_id=48"},"modified":"2021-09-07T12:01:06","modified_gmt":"2021-09-07T10:01:06","slug":"nos-univers","status":"publish","type":"page","link":"https:\/\/agriprocess.com\/index.php\/nos-univers\/","title":{"rendered":"Nos univers"},"content":{"rendered":"\t\t<div data-elementor-type=\"wp-page\" data-elementor-id=\"48\" class=\"elementor elementor-48\">\n\t\t\t\t\t\t\t\t\t<section class=\"elementor-section elementor-top-section elementor-element elementor-element-6394524 elementor-section-boxed elementor-section-height-default elementor-section-height-default\" data-id=\"6394524\" data-element_type=\"section\">\n\t\t\t\t\t\t<div class=\"elementor-container elementor-column-gap-default\">\n\t\t\t\t\t<div class=\"elementor-column elementor-col-100 elementor-top-column elementor-element elementor-element-b322573\" data-id=\"b322573\" data-element_type=\"column\">\n\t\t\t<div class=\"elementor-widget-wrap elementor-element-populated\">\n\t\t\t\t\t\t\t\t<div class=\"elementor-element elementor-element-27ff455 elementor-widget elementor-widget-heading\" data-id=\"27ff455\" data-element_type=\"widget\" data-widget_type=\"heading.default\">\n\t\t\t\t<div class=\"elementor-widget-container\">\n\t\t\t<style>\/*! elementor - v3.11.5 - 14-03-2023 *\/\n.elementor-heading-title{padding:0;margin:0;line-height:1}.elementor-widget-heading .elementor-heading-title[class*=elementor-size-]>a{color:inherit;font-size:inherit;line-height:inherit}.elementor-widget-heading .elementor-heading-title.elementor-size-small{font-size:15px}.elementor-widget-heading .elementor-heading-title.elementor-size-medium{font-size:19px}.elementor-widget-heading .elementor-heading-title.elementor-size-large{font-size:29px}.elementor-widget-heading .elementor-heading-title.elementor-size-xl{font-size:39px}.elementor-widget-heading .elementor-heading-title.elementor-size-xxl{font-size:59px}<\/style><h2 class=\"elementor-heading-title elementor-size-default\">Nos diff\u00e9rentes gammes <\/h2>\t\t<\/div>\n\t\t\t\t<\/div>\n\t\t\t\t\t<\/div>\n\t\t<\/div>\n\t\t\t\t\t\t\t<\/div>\n\t\t<\/section>\n\t\t\t\t<section class=\"elementor-section elementor-top-section elementor-element elementor-element-bb5c690 elementor-section-boxed elementor-section-height-default elementor-section-height-default\" data-id=\"bb5c690\" data-element_type=\"section\">\n\t\t\t\t\t\t<div class=\"elementor-container elementor-column-gap-default\">\n\t\t\t\t\t<div class=\"elementor-column elementor-col-50 elementor-top-column elementor-element elementor-element-5e2ed5b\" data-id=\"5e2ed5b\" data-element_type=\"column\">\n\t\t\t<div class=\"elementor-widget-wrap elementor-element-populated\">\n\t\t\t\t\t\t\t\t<div class=\"elementor-element elementor-element-39eed97 elementor-align-center elementor-widget elementor-widget-button\" data-id=\"39eed97\" data-element_type=\"widget\" data-widget_type=\"button.default\">\n\t\t\t\t<div class=\"elementor-widget-container\">\n\t\t\t\t\t<div class=\"elementor-button-wrapper\">\n\t\t\t<a href=\"https:\/\/agriprocess.com\/index.php\/notre-galerie-photos-maraichage\/\" class=\"elementor-button-link elementor-button elementor-size-xl\" role=\"button\">\n\t\t\t\t\t\t<span class=\"elementor-button-content-wrapper\">\n\t\t\t\t\t\t<span class=\"elementor-button-text\">Maraichage - P\u00e9pini\u00e8re<\/span>\n\t\t<\/span>\n\t\t\t\t\t<\/a>\n\t\t<\/div>\n\t\t\t\t<\/div>\n\t\t\t\t<\/div>\n\t\t\t\t\t<\/div>\n\t\t<\/div>\n\t\t\t\t<div class=\"elementor-column elementor-col-50 elementor-top-column elementor-element elementor-element-1bc15df\" data-id=\"1bc15df\" data-element_type=\"column\">\n\t\t\t<div class=\"elementor-widget-wrap elementor-element-populated\">\n\t\t\t\t\t\t\t\t<div class=\"elementor-element elementor-element-75b184d elementor-widget elementor-widget-image\" data-id=\"75b184d\" data-element_type=\"widget\" data-widget_type=\"image.default\">\n\t\t\t\t<div class=\"elementor-widget-container\">\n\t\t\t<style>\/*! elementor - v3.11.5 - 14-03-2023 *\/\n.elementor-widget-image{text-align:center}.elementor-widget-image a{display:inline-block}.elementor-widget-image a img[src$=\".svg\"]{width:48px}.elementor-widget-image img{vertical-align:middle;display:inline-block}<\/style>\t\t\t\t\t\t\t\t\t\t\t\t<img width=\"481\" height=\"323\" src=\"https:\/\/i1.wp.com\/agriprocess.com\/wp-content\/uploads\/2021\/08\/Capture-decran-2021-08-03-194834.jpg?fit=481%2C323&amp;ssl=1\" class=\"attachment-large size-large wp-image-51\" alt=\"\" loading=\"lazy\" srcset=\"https:\/\/i1.wp.com\/agriprocess.com\/wp-content\/uploads\/2021\/08\/Capture-decran-2021-08-03-194834.jpg?w=481&amp;ssl=1 481w, https:\/\/i1.wp.com\/agriprocess.com\/wp-content\/uploads\/2021\/08\/Capture-decran-2021-08-03-194834.jpg?resize=300%2C201&amp;ssl=1 300w\" sizes=\"(max-width: 481px) 100vw, 481px\" \/>\t\t\t\t\t\t\t\t\t\t\t\t\t\t\t<\/div>\n\t\t\t\t<\/div>\n\t\t\t\t\t<\/div>\n\t\t<\/div>\n\t\t\t\t\t\t\t<\/div>\n\t\t<\/section>\n\t\t\t\t<section class=\"elementor-section elementor-top-section elementor-element elementor-element-2af774d elementor-section-boxed elementor-section-height-default elementor-section-height-default\" data-id=\"2af774d\" data-element_type=\"section\">\n\t\t\t\t\t\t<div class=\"elementor-container elementor-column-gap-default\">\n\t\t\t\t\t<div class=\"elementor-column elementor-col-50 elementor-top-column elementor-element elementor-element-3c713e1\" data-id=\"3c713e1\" data-element_type=\"column\">\n\t\t\t<div class=\"elementor-widget-wrap elementor-element-populated\">\n\t\t\t\t\t\t\t\t<div class=\"elementor-element elementor-element-37baf1c elementor-widget elementor-widget-image\" data-id=\"37baf1c\" data-element_type=\"widget\" data-widget_type=\"image.default\">\n\t\t\t\t<div class=\"elementor-widget-container\">\n\t\t\t\t\t\t\t\t\t\t\t\t\t\t\t<img width=\"502\" height=\"342\" src=\"https:\/\/i1.wp.com\/agriprocess.com\/wp-content\/uploads\/2021\/08\/Capture-decran-2021-08-03-194936.jpg?fit=502%2C342&amp;ssl=1\" class=\"attachment-large size-large wp-image-52\" alt=\"\" loading=\"lazy\" srcset=\"https:\/\/i1.wp.com\/agriprocess.com\/wp-content\/uploads\/2021\/08\/Capture-decran-2021-08-03-194936.jpg?w=502&amp;ssl=1 502w, https:\/\/i1.wp.com\/agriprocess.com\/wp-content\/uploads\/2021\/08\/Capture-decran-2021-08-03-194936.jpg?resize=300%2C204&amp;ssl=1 300w\" sizes=\"(max-width: 502px) 100vw, 502px\" \/>\t\t\t\t\t\t\t\t\t\t\t\t\t\t\t<\/div>\n\t\t\t\t<\/div>\n\t\t\t\t\t<\/div>\n\t\t<\/div>\n\t\t\t\t<div class=\"elementor-column elementor-col-50 elementor-top-column elementor-element elementor-element-c79455a\" data-id=\"c79455a\" data-element_type=\"column\">\n\t\t\t<div class=\"elementor-widget-wrap elementor-element-populated\">\n\t\t\t\t\t\t\t\t<div class=\"elementor-element elementor-element-218f52f elementor-align-center elementor-widget elementor-widget-button\" data-id=\"218f52f\" data-element_type=\"widget\" data-widget_type=\"button.default\">\n\t\t\t\t<div class=\"elementor-widget-container\">\n\t\t\t\t\t<div class=\"elementor-button-wrapper\">\n\t\t\t<a href=\"https:\/\/agriprocess.com\/index.php\/viticulture\/\" class=\"elementor-button-link elementor-button elementor-size-xl\" role=\"button\">\n\t\t\t\t\t\t<span class=\"elementor-button-content-wrapper\">\n\t\t\t\t\t\t<span class=\"elementor-button-text\">Viticulture - Arboriculture<\/span>\n\t\t<\/span>\n\t\t\t\t\t<\/a>\n\t\t<\/div>\n\t\t\t\t<\/div>\n\t\t\t\t<\/div>\n\t\t\t\t\t<\/div>\n\t\t<\/div>\n\t\t\t\t\t\t\t<\/div>\n\t\t<\/section>\n\t\t\t\t<section class=\"elementor-section elementor-top-section elementor-element elementor-element-b82f5d1 elementor-section-boxed elementor-section-height-default elementor-section-height-default\" data-id=\"b82f5d1\" data-element_type=\"section\">\n\t\t\t\t\t\t<div class=\"elementor-container elementor-column-gap-default\">\n\t\t\t\t\t<div class=\"elementor-column elementor-col-50 elementor-top-column elementor-element elementor-element-ba59610\" data-id=\"ba59610\" data-element_type=\"column\">\n\t\t\t<div class=\"elementor-widget-wrap elementor-element-populated\">\n\t\t\t\t\t\t\t\t<div class=\"elementor-element elementor-element-8c17661 elementor-align-center elementor-widget elementor-widget-button\" data-id=\"8c17661\" data-element_type=\"widget\" data-widget_type=\"button.default\">\n\t\t\t\t<div class=\"elementor-widget-container\">\n\t\t\t\t\t<div class=\"elementor-button-wrapper\">\n\t\t\t<a href=\"https:\/\/agriprocess.com\/index.php\/grandes-cultures\/\" class=\"elementor-button-link elementor-button elementor-size-xl\" role=\"button\">\n\t\t\t\t\t\t<span class=\"elementor-button-content-wrapper\">\n\t\t\t\t\t\t<span class=\"elementor-button-text\">Grandes cultures<\/span>\n\t\t<\/span>\n\t\t\t\t\t<\/a>\n\t\t<\/div>\n\t\t\t\t<\/div>\n\t\t\t\t<\/div>\n\t\t\t\t\t<\/div>\n\t\t<\/div>\n\t\t\t\t<div class=\"elementor-column elementor-col-50 elementor-top-column elementor-element elementor-element-a673e34\" data-id=\"a673e34\" data-element_type=\"column\">\n\t\t\t<div class=\"elementor-widget-wrap elementor-element-populated\">\n\t\t\t\t\t\t\t\t<div class=\"elementor-element elementor-element-4b6c57b elementor-widget elementor-widget-image\" data-id=\"4b6c57b\" data-element_type=\"widget\" data-widget_type=\"image.default\">\n\t\t\t\t<div class=\"elementor-widget-container\">\n\t\t\t\t\t\t\t\t\t\t\t\t\t\t\t<img width=\"552\" height=\"377\" src=\"https:\/\/i2.wp.com\/agriprocess.com\/wp-content\/uploads\/2021\/08\/Capture-decran-2021-08-03-195052.jpg?fit=552%2C377&amp;ssl=1\" class=\"attachment-large size-large wp-image-54\" alt=\"\" loading=\"lazy\" srcset=\"https:\/\/i2.wp.com\/agriprocess.com\/wp-content\/uploads\/2021\/08\/Capture-decran-2021-08-03-195052.jpg?w=552&amp;ssl=1 552w, https:\/\/i2.wp.com\/agriprocess.com\/wp-content\/uploads\/2021\/08\/Capture-decran-2021-08-03-195052.jpg?resize=300%2C205&amp;ssl=1 300w\" sizes=\"(max-width: 552px) 100vw, 552px\" \/>\t\t\t\t\t\t\t\t\t\t\t\t\t\t\t<\/div>\n\t\t\t\t<\/div>\n\t\t\t\t\t<\/div>\n\t\t<\/div>\n\t\t\t\t\t\t\t<\/div>\n\t\t<\/section>\n\t\t\t\t<section class=\"elementor-section elementor-top-section elementor-element elementor-element-8bdd548 elementor-section-boxed elementor-section-height-default elementor-section-height-default\" data-id=\"8bdd548\" data-element_type=\"section\">\n\t\t\t\t\t\t<div class=\"elementor-container elementor-column-gap-default\">\n\t\t\t\t\t<div class=\"elementor-column elementor-col-50 elementor-top-column elementor-element elementor-element-30c3adc\" data-id=\"30c3adc\" data-element_type=\"column\">\n\t\t\t<div class=\"elementor-widget-wrap elementor-element-populated\">\n\t\t\t\t\t\t\t\t<div class=\"elementor-element elementor-element-ad64100 elementor-widget elementor-widget-image\" data-id=\"ad64100\" data-element_type=\"widget\" data-widget_type=\"image.default\">\n\t\t\t\t<div class=\"elementor-widget-container\">\n\t\t\t\t\t\t\t\t\t\t\t\t\t\t\t<img width=\"244\" height=\"300\" src=\"https:\/\/i1.wp.com\/agriprocess.com\/wp-content\/uploads\/2021\/09\/occasion-r.png?fit=244%2C300&amp;ssl=1\" class=\"attachment-medium size-medium wp-image-560\" alt=\"\" loading=\"lazy\" srcset=\"https:\/\/i1.wp.com\/agriprocess.com\/wp-content\/uploads\/2021\/09\/occasion-r.png?w=700&amp;ssl=1 700w, https:\/\/i1.wp.com\/agriprocess.com\/wp-content\/uploads\/2021\/09\/occasion-r.png?resize=244%2C300&amp;ssl=1 244w\" sizes=\"(max-width: 244px) 100vw, 244px\" \/>\t\t\t\t\t\t\t\t\t\t\t\t\t\t\t<\/div>\n\t\t\t\t<\/div>\n\t\t\t\t\t<\/div>\n\t\t<\/div>\n\t\t\t\t<div class=\"elementor-column elementor-col-50 elementor-top-column elementor-element elementor-element-93ca6e5\" data-id=\"93ca6e5\" data-element_type=\"column\">\n\t\t\t<div class=\"elementor-widget-wrap elementor-element-populated\">\n\t\t\t\t\t\t\t\t<div class=\"elementor-element elementor-element-387cfd3 elementor-align-center elementor-widget elementor-widget-button\" data-id=\"387cfd3\" data-element_type=\"widget\" data-widget_type=\"button.default\">\n\t\t\t\t<div class=\"elementor-widget-container\">\n\t\t\t\t\t<div class=\"elementor-button-wrapper\">\n\t\t\t<a href=\"https:\/\/agriprocess.com\/index.php\/les-occasions\/\" class=\"elementor-button-link elementor-button elementor-size-xl\" role=\"button\">\n\t\t\t\t\t\t<span class=\"elementor-button-content-wrapper\">\n\t\t\t\t\t\t<span class=\"elementor-button-text\">Les occasions<\/span>\n\t\t<\/span>\n\t\t\t\t\t<\/a>\n\t\t<\/div>\n\t\t\t\t<\/div>\n\t\t\t\t<\/div>\n\t\t\t\t\t<\/div>\n\t\t<\/div>\n\t\t\t\t\t\t\t<\/div>\n\t\t<\/section>\n\t\t\t\t\t\t\t<\/div>\n\t\t","protected":false},"excerpt":{"rendered":"<p>Nos diff\u00e9rentes gammes Maraichage &#8211; P\u00e9pini\u00e8re Viticulture &#8211; Arboriculture Grandes cultures Les occasions<\/p>\n","protected":false},"author":1,"featured_media":0,"parent":0,"menu_order":0,"comment_status":"closed","ping_status":"closed","template":"elementor_theme","meta":{"spay_email":""},"_links":{"self":[{"href":"https:\/\/agriprocess.com\/index.php\/wp-json\/wp\/v2\/pages\/48"}],"collection":[{"href":"https:\/\/agriprocess.com\/index.php\/wp-json\/wp\/v2\/pages"}],"about":[{"href":"https:\/\/agriprocess.com\/index.php\/wp-json\/wp\/v2\/types\/page"}],"author":[{"embeddable":true,"href":"https:\/\/agriprocess.com\/index.php\/wp-json\/wp\/v2\/users\/1"}],"replies":[{"embeddable":true,"href":"https:\/\/agriprocess.com\/index.php\/wp-json\/wp\/v2\/comments?post=48"}],"version-history":[{"count":34,"href":"https:\/\/agriprocess.com\/index.php\/wp-json\/wp\/v2\/pages\/48\/revisions"}],"predecessor-version":[{"id":563,"href":"https:\/\/agriprocess.com\/index.php\/wp-json\/wp\/v2\/pages\/48\/revisions\/563"}],"wp:attachment":[{"href":"https:\/\/agriprocess.com\/index.php\/wp-json\/wp\/v2\/media?parent=48"}],"curies":[{"name":"wp","href":"https:\/\/api.w.org\/{rel}","templated":true}]}}